{"id":644,"date":"2022-02-01T17:41:01","date_gmt":"2022-02-01T17:41:01","guid":{"rendered":"https:\/\/blog.juliogalindo.com\/en\/about-2\/"},"modified":"2024-09-11T20:09:38","modified_gmt":"2024-09-11T20:09:38","slug":"perfil","status":"publish","type":"page","link":"https:\/\/blog.juliogalindo.com\/es\/perfil\/","title":{"rendered":"Perfil"},"content":{"rendered":"\n<div class=\"wp-block-stackable-spacer stk-block-spacer stk--no-padding stk-block stk-120ca53\" data-block-id=\"120ca53\"><style>.stk-120ca53{height:50px !important}@media screen and (max-width:999px){.stk-120ca53{height:80px !important}}<\/style><\/div>\n\n\n\n<div class=\"wp-block-columns is-layout-flex wp-container-core-columns-is-layout-28f84493 wp-block-columns-is-layout-flex\">\n<div class=\"wp-block-column is-layout-flow wp-block-column-is-layout-flow\" style=\"flex-basis:100%\">\n<div class=\"wp-block-stackable-columns stk-block-columns stk-block stk-b85fa2d\" data-block-id=\"b85fa2d\"><div class=\"stk-row stk-inner-blocks stk-block-content stk-content-align stk-b85fa2d-column\">\n<div class=\"wp-block-stackable-column stk-block-column stk-column stk-block stk-6be9d19\" data-v=\"4\" data-block-id=\"6be9d19\"><div class=\"stk-column-wrapper stk-block-column__content stk-container stk-6be9d19-container stk--no-background stk--no-padding\"><div class=\"stk-block-content stk-inner-blocks stk-6be9d19-inner-blocks\">\n<div class=\"wp-block-stackable-columns stk-block-columns stk-block stk-df002c0\" data-block-id=\"df002c0\"><style>.stk-df002c0 .stk--block-align-df002c0{align-items:center !important}.stk-df002c0{margin-bottom:0px !important}.stk-df002c0-column{--stk-columns-spacing:12px !important;--stk-column-gap:30px !important}@media screen and (max-width:999px){.stk-df002c0 .stk--block-align-df002c0{align-items:flex-start !important}.stk-df002c0-column{row-gap:35px !important}}<\/style><div class=\"stk-row stk-inner-blocks stk--block-align-df002c0 stk-block-content stk-content-align stk-df002c0-column\">\n<div class=\"wp-block-stackable-column stk-block-column stk-column stk-block stk-b08952c\" data-v=\"4\" data-block-id=\"b08952c\"><style>.stk-b08952c-container{margin-top:0px !important;margin-right:0px !important;margin-bottom:0px !important;margin-left:0px !important}@media screen and (min-width:690px){.stk-b08952c{flex:var(--stk-flex-grow,1) 1 calc(30% - var(--stk-column-gap,0px) * 1 \/ 2 ) !important}}<\/style><div class=\"stk-column-wrapper stk-block-column__content stk-container stk-b08952c-container stk--no-background stk--no-padding\"><div class=\"has-text-align-center-mobile stk-block-content stk-inner-blocks stk-b08952c-inner-blocks\">\n<div class=\"wp-block-stackable-image stk-block-image stk-block stk-9b63740\" data-block-id=\"9b63740\"><style>.stk-9b63740 .stk-img-wrapper{height:100% !important}.stk-9b63740 .stk-img-wrapper img{transform:scale(0.9) !important}<\/style><figure><span class=\"stk-img-wrapper stk-image--shape-stretch\"><img loading=\"lazy\" decoding=\"async\" class=\"stk-img wp-image-2877\" src=\"https:\/\/blog.juliogalindo.com\/en\/wp-content\/uploads\/2024\/08\/Headshot-3130.jpg\" width=\"375\" height=\"500\"\/><\/span><\/figure><\/div>\n<\/div><\/div><\/div>\n\n\n\n<div class=\"wp-block-stackable-column stk-block-column stk-column stk-block stk-99d1df6\" data-v=\"4\" data-block-id=\"99d1df6\"><style>.stk-99d1df6-container{margin-top:0px !important;margin-right:0px !important;margin-bottom:0px !important;margin-left:0px !important}@media screen and (min-width:690px){.stk-99d1df6{flex:var(--stk-flex-grow,1) 1 calc(70% - var(--stk-column-gap,0px) * 1 \/ 2 ) !important}}<\/style><div class=\"stk-column-wrapper stk-block-column__content stk-container stk-99d1df6-container stk--no-background stk--no-padding\"><div class=\"stk-block-content stk-inner-blocks stk-99d1df6-inner-blocks\">\n<div class=\"wp-block-stackable-heading stk-block-heading stk-block-heading--v2 stk-block stk-6714a1c\" id=\"hola\" data-block-id=\"6714a1c\"><style>.stk-6714a1c{margin-bottom:22px !important}<\/style><h3 class=\"stk-block-heading__text\">\u00a1Hola!<\/h3><\/div>\n\n\n\n<p style=\"margin-bottom:var(--wp--preset--spacing--40)\" class=\"\">Mi nombre es Julio Galindo. Soy un fotografo radicado en Raleigh, el coraz\u00f3n de Carolina del Norte. Cre\u00e9 este blog para combinar mis dos pasiones: la fotograf\u00eda y la escritura. He disfrutado del arte de la fotograf\u00eda por casi dos d\u00e9cadas. Compr\u00e9 mi primera c\u00e1mara digital con funciones manuales hace casi veinte a\u00f1os. \u00a1Me siento viejo al ver que ahora es un <a href=\"https:\/\/global.canon\/en\/c-museum\/product\/dcc511.html\" target=\"_blank\" rel=\"noreferrer noopener\">art\u00edculo de museo<\/a>!<\/p>\n\n\n\n<p class=\"\">Mi inter\u00e9s en la escritura ha sido un pasatiempo m\u00e1s bien secreto, y data de mis a\u00f1os en el colegio. Le debo mi inclinaci\u00f3n al oficio a los excelentes maestros de lenguaje y literatura que tuve desde quinto grado. Decid\u00ed poner a trabajar est\u00e1 aptitud para publicar art\u00edculos en este blog regularmente. Si te parecen \u00fatiles, interesantes o al menos entretenidos, te invito a que dejes un comentario o los compartas usando tu plataforma de redes sociales favorita.<\/p>\n<\/div><\/div><\/div>\n<\/div><\/div>\n<\/div><\/div><\/div>\n<\/div><\/div>\n<\/div>\n<\/div>\n\n\n\n<div class=\"wp-block-stackable-spacer stk-block-spacer stk--no-padding stk-block stk-2cdc3c3\" data-block-id=\"2cdc3c3\"><style>.stk-2cdc3c3{height:130px !important}@media screen and (max-width:999px){.stk-2cdc3c3{height:80px !important}}<\/style><\/div>\n","protected":false},"excerpt":{"rendered":"<p>Integer at faucibus urna. Nullam condimentum leo id elit sagittis auctor. Curabitur elementum nunc a leo imperdiet, nec elementum diam elementum. <\/p>\n","protected":false},"author":1,"featured_media":0,"parent":0,"menu_order":0,"comment_status":"closed","ping_status":"closed","template":"","meta":{"nf_dc_page":"","footnotes":""},"class_list":["post-644","page","type-page","status-publish","hentry"],"blocksy_meta":{"styles_descriptor":{"styles":{"desktop":"","tablet":"","mobile":""},"google_fonts":[],"version":6},"page_title_panel":"","has_hero_section":"default","390f06949bc16c1df6ebc673c3a2f595":"","hero_section":"type-1","hero_elements":[{"id":"custom_title","enabled":true,"heading_tag":"h1","title":"Home"},{"id":"custom_description","enabled":true,"description_visibility":{"desktop":true,"tablet":true,"mobile":false}},{"id":"custom_meta","enabled":false,"meta_elements":[{"id":"author","enabled":true,"label":"By","has_author_avatar":"yes","avatar_size":25},{"id":"post_date","enabled":true,"label":"On","date_format_source":"default","date_format":"M j, Y"},{"id":"updated_date","enabled":false,"label":"On","date_format_source":"default","date_format":"M j, Y"},{"id":"categories","enabled":false,"label":"In","style":"simple"},{"id":"comments","enabled":true}],"page_meta_elements":{"joined":true,"articles_count":true,"comments":true}},{"id":"breadcrumbs","enabled":false}],"301fc18c2c90f3e0e3d050e593302950":"","hero_alignment1":"CT_CSS_SKIP_RULE","hero_margin":40,"hero_alignment2":"center","hero_vertical_alignment":"center","e15d6f175a54e496c9179426eb80cfed":"","hero_structure":"narrow","160b93d3ad4d5450ed209ee33b6c3652":"","page_title_bg_type":"featured_image","custom_hero_background":{"attachment_id":null},"parallax":{"desktop":false,"tablet":false,"mobile":false},"6b66b15cfa5d93fa8f66a91e1206f35f":"","hero_height":"250px","pageTitleFont":{"family":"Default","variation":"Default","size":"30px","line-height":"CT_CSS_SKIP_RULE","letter-spacing":"CT_CSS_SKIP_RULE","text-transform":"CT_CSS_SKIP_RULE","text-decoration":"CT_CSS_SKIP_RULE"},"pageTitleFontColor":{"default":{"color":"CT_CSS_SKIP_RULEDEFAULT"}},"pageMetaFont":{"family":"Default","variation":"n6","size":"12px","line-height":"1.3","letter-spacing":"CT_CSS_SKIP_RULE","text-transform":"uppercase","text-decoration":"CT_CSS_SKIP_RULE"},"pageMetaFontColor":{"default":{"color":"CT_CSS_SKIP_RULEDEFAULT"},"hover":{"color":"CT_CSS_SKIP_RULEDEFAULT"}},"page_meta_button_type_font_colors":{"default":{"color":"CT_CSS_SKIP_RULEDEFAULT"},"hover":{"color":"CT_CSS_SKIP_RULEDEFAULT"}},"page_meta_button_type_background_colors":{"default":{"color":"CT_CSS_SKIP_RULEDEFAULT"},"hover":{"color":"CT_CSS_SKIP_RULEDEFAULT"}},"pageExcerptFont":{"family":"Default","variation":"Default","size":"CT_CSS_SKIP_RULE","line-height":"CT_CSS_SKIP_RULE","letter-spacing":"CT_CSS_SKIP_RULE","text-transform":"CT_CSS_SKIP_RULE","text-decoration":"CT_CSS_SKIP_RULE"},"pageExcerptColor":{"default":{"color":"CT_CSS_SKIP_RULEDEFAULT"}},"breadcrumbsFont":{"family":"Default","variation":"Default","size":"CT_CSS_SKIP_RULE","line-height":"CT_CSS_SKIP_RULE","letter-spacing":"CT_CSS_SKIP_RULE","text-transform":"CT_CSS_SKIP_RULE","text-decoration":"CT_CSS_SKIP_RULE"},"breadcrumbsFontColor":{"default":{"color":"CT_CSS_SKIP_RULEDEFAULT"},"initial":{"color":"CT_CSS_SKIP_RULEDEFAULT"},"hover":{"color":"CT_CSS_SKIP_RULEDEFAULT"}},"pageTitleOverlay":{"background_type":"color","background_pattern":"type-1","background_image":{"attachment_id":null,"x":0,"y":0},"gradient":"linear-gradient(135deg,rgba(6,147,227,1) 0%,rgb(155,81,224) 100%)","background_repeat":"repeat","background_size":"auto","background_attachment":"scroll","patternColor":{"default":{"color":"#e5e7ea"}},"overlayColor":{"default":{"color":"CT_CSS_SKIP_RULE"}},"backgroundColor":{"default":{"color":"CT_CSS_SKIP_RULE"}}},"pageTitleBackground":{"background_type":"color","background_pattern":"type-1","background_image":{"attachment_id":null,"x":0,"y":0},"gradient":"linear-gradient(135deg,rgba(6,147,227,1) 0%,rgb(155,81,224) 100%)","background_repeat":"repeat","background_size":"auto","background_attachment":"scroll","patternColor":{"default":{"color":"#e5e7ea"}},"overlayColor":{"default":{"color":"CT_CSS_SKIP_RULE"}},"backgroundColor":{"default":{"color":"var(--theme-palette-color-6)"}}},"pageTitlePadding":{"top":"50px","bottom":"50px","left":"auto","right":"auto","linked":true},"cda889f5dc2cfad3a74ef1be3ae2f59b":"","page_structure_type":"default","bf9b034e717a196499d7a5d108fd949d":"","content_style_source":"inherit","content_style":"wide","vertical_spacing_source":"custom","content_area_spacing":"none","background":{"background_type":"color","background_pattern":"type-1","background_image":{"attachment_id":null,"x":0,"y":0},"gradient":"linear-gradient(135deg,rgba(6,147,227,1) 0%,rgb(155,81,224) 100%)","background_repeat":"repeat","background_size":"auto","background_attachment":"scroll","patternColor":{"default":{"color":"#e5e7ea"}},"overlayColor":{"default":{"color":"CT_CSS_SKIP_RULE"}},"backgroundColor":{"default":{"color":"CT_CSS_SKIP_RULE"}}},"content_background":{"background_type":"color","background_pattern":"type-1","background_image":{"attachment_id":null,"x":0,"y":0},"gradient":"linear-gradient(135deg,rgba(6,147,227,1) 0%,rgb(155,81,224) 100%)","background_repeat":"repeat","background_size":"auto","background_attachment":"scroll","patternColor":{"default":{"color":"#e5e7ea"}},"overlayColor":{"default":{"color":"CT_CSS_SKIP_RULE"}},"backgroundColor":{"default":{"color":"var(--theme-palette-color-8)"}}},"content_boxed_shadow":{"inherit":false,"blur":18,"spread":-6,"v_offset":12,"h_offset":0,"inset":false,"enable":true,"color":{"color":"rgba(34, 56, 101, 0.04)"}},"boxed_content_spacing":{"desktop":{"top":"40px","bottom":"40px","left":"40px","right":"40px","linked":true},"tablet":{"top":"35px","bottom":"35px","left":"35px","right":"35px","linked":true},"mobile":{"top":"20px","bottom":"20px","left":"20px","right":"20px","linked":true}},"content_boxed_radius":{"top":"3px","bottom":"3px","left":"3px","right":"3px","linked":true},"984e44837c446155c3b37e5a9dba1f17":"","disable_featured_image":"no","disable_share_box":"no","disable_header":"no","disable_footer":"no","982273c852a287f0d42b734c85d72b90":"","0aad3f0c8bb32ec9b9ec82f27e4c492e":"","0f90b67fb7fbb5d708ad4d3a920de4e1":"","a663bda0137129d982e3844f734dbf87":"","026c128f5b00aa0ba06389d8b02bb123":"","b7820f400988f39b99e2b3f067481b4e":"","38e83a1683cc7b5dd5fef19fa13d4e52":"","9601e64b194a9a32de6b147b019bd2c6":""},"_links":{"self":[{"href":"https:\/\/blog.juliogalindo.com\/es\/wp-json\/wp\/v2\/pages\/644","targetHints":{"allow":["GET"]}}],"collection":[{"href":"https:\/\/blog.juliogalindo.com\/es\/wp-json\/wp\/v2\/pages"}],"about":[{"href":"https:\/\/blog.juliogalindo.com\/es\/wp-json\/wp\/v2\/types\/page"}],"author":[{"embeddable":true,"href":"https:\/\/blog.juliogalindo.com\/es\/wp-json\/wp\/v2\/users\/1"}],"replies":[{"embeddable":true,"href":"https:\/\/blog.juliogalindo.com\/es\/wp-json\/wp\/v2\/comments?post=644"}],"version-history":[{"count":5,"href":"https:\/\/blog.juliogalindo.com\/es\/wp-json\/wp\/v2\/pages\/644\/revisions"}],"predecessor-version":[{"id":3273,"href":"https:\/\/blog.juliogalindo.com\/es\/wp-json\/wp\/v2\/pages\/644\/revisions\/3273"}],"wp:attachment":[{"href":"https:\/\/blog.juliogalindo.com\/es\/wp-json\/wp\/v2\/media?parent=644"}],"curies":[{"name":"wp","href":"https:\/\/api.w.org\/{rel}","templated":true}]}}